{"id":11,"date":"2025-11-20T12:06:17","date_gmt":"2025-11-20T11:06:17","guid":{"rendered":"https:\/\/doradni.pl\/?page_id=11"},"modified":"2026-04-10T09:47:04","modified_gmt":"2026-04-10T07:47:04","slug":"one-page-express","status":"publish","type":"page","link":"https:\/\/doradni.pl\/","title":{"rendered":"G\u0142\u00f3wna strona"},"content":{"rendered":"<p>Doradni sp. z o.o.<br \/>ul. Z\u0142ota 75A lok. 7<br \/>00-819 Warszawa<br \/>NIP: 5273193437<br \/>KRS: 0001206657\u00a0<\/p><p>e-mail: <a style=\"color: #ffffff;\" href=\"mailto:kontakt@doradni.pl\">kontakt@doradni.pl<\/a><br \/>eDor\u0119czenia\/ ePolecony: AE:PL-96917-99709-EBFCG-29<\/p><p><em>Doradni sp. z o.o. wpisana do Rejestru Przedsi\u0119biorc\u00f3w prowadzonego przez S\u0105d Rejonowy dla m. st. Warszawy, XIII Wydzia\u0142 Gospodarczy Krajowego Rejestru S\u0105dowego pod nr KRS:0001206657;<br \/><\/em><\/p><p><em>NIP:5273193437<br \/>\u00a0REGON: 5433025390<br \/>\u00a0Kapita\u0142 zak\u0142adowy: 5000 PLN.<\/em><\/p><p><em>mBank S.A. PL 85 1140 2004 0000 3202 8624 1176\u00a0<\/em><\/p><p><em>Nest Bank SA PL\u00a0<\/em><i>06 1870 1045 2078 10886 528 0001<\/i><\/p><p style=\"text-align:center;color:#ababab\">Contact form will be displayed here. To activate it you have to click this area and set the shortcode parameter in Customizer.<\/p>","protected":false},"excerpt":{"rendered":"<p>Doradni sp. z o.o.ul. Z\u0142ota 75A lok. 700-819 WarszawaNIP: 5273193437KRS: 0001206657\u00a0e-mail: kontakt@doradni.pleDor\u0119czenia\/ ePolecony: AE:PL-96917-99709-EBFCG-29Doradni sp. z o.o. wpisana do Rejestru Przedsi\u0119biorc\u00f3w prowadzonego przez S\u0105d Rejonowy dla m. st. Warszawy, XIII Wydzia\u0142 Gospodarczy Krajowego Rejestru S\u0105dowego pod nr KRS:0001206657;NIP:5273193437\u00a0REGON: 5433025390\u00a0Kapita\u0142 zak\u0142adowy: 5000 PLN.mBank S.A. PL 85 1140 2004 0000 3202 8624 1176\u00a0Nest Bank SA PL\u00a006 1870&hellip; <br \/> <a class=\"button small blue\" href=\"https:\/\/doradni.pl\/?p=1\">Dowiedz si\u0119 wi\u0119cej<\/a><\/p>\n","protected":false},"author":1,"featured_media":0,"parent":0,"menu_order":0,"comment_status":"closed","ping_status":"closed","template":"","meta":{"footnotes":""},"class_list":["post-11","page","type-page","status-publish","hentry"],"yoast_head":"<!-- This site is optimized with the Yoast SEO plugin v26.4 - https:\/\/yoast.com\/wordpress\/plugins\/seo\/ -->\n<title>G\u0142\u00f3wna strona - Doradni.pl<\/title>\n<meta name=\"robots\" content=\"index, follow, max-snippet:-1, max-image-preview:large, max-video-preview:-1\" \/>\n<link rel=\"canonical\" href=\"https:\/\/doradni.pl\/\" \/>\n<meta property=\"og:locale\" content=\"pl_PL\" \/>\n<meta property=\"og:type\" content=\"article\" \/>\n<meta property=\"og:title\" content=\"G\u0142\u00f3wna strona - Doradni.pl\" \/>\n<meta property=\"og:description\" content=\"Doradni sp. z o.o.ul. Z\u0142ota 75A lok. 700-819 WarszawaNIP: 5273193437KRS: 0001206657\u00a0e-mail: kontakt@doradni.pleDor\u0119czenia\/ ePolecony: AE:PL-96917-99709-EBFCG-29Doradni sp. z o.o. wpisana do Rejestru Przedsi\u0119biorc\u00f3w prowadzonego przez S\u0105d Rejonowy dla m. st. Warszawy, XIII Wydzia\u0142 Gospodarczy Krajowego Rejestru S\u0105dowego pod nr KRS:0001206657;NIP:5273193437\u00a0REGON: 5433025390\u00a0Kapita\u0142 zak\u0142adowy: 5000 PLN.mBank S.A. PL 85 1140 2004 0000 3202 8624 1176\u00a0Nest Bank SA PL\u00a006 1870&hellip; Dowiedz si\u0119 wi\u0119cej\" \/>\n<meta property=\"og:url\" content=\"https:\/\/doradni.pl\/\" \/>\n<meta property=\"og:site_name\" content=\"Doradni.pl\" \/>\n<meta property=\"article:modified_time\" content=\"2026-04-10T07:47:04+00:00\" \/>\n<meta name=\"twitter:card\" content=\"summary_large_image\" \/>\n<script type=\"application\/ld+json\" class=\"yoast-schema-graph\">{\"@context\":\"https:\/\/schema.org\",\"@graph\":[{\"@type\":\"WebPage\",\"@id\":\"https:\/\/doradni.pl\/\",\"url\":\"https:\/\/doradni.pl\/\",\"name\":\"G\u0142\u00f3wna strona - Doradni.pl\",\"isPartOf\":{\"@id\":\"https:\/\/doradni.pl\/#website\"},\"datePublished\":\"2025-11-20T11:06:17+00:00\",\"dateModified\":\"2026-04-10T07:47:04+00:00\",\"breadcrumb\":{\"@id\":\"https:\/\/doradni.pl\/#breadcrumb\"},\"inLanguage\":\"pl-PL\",\"potentialAction\":[{\"@type\":\"ReadAction\",\"target\":[\"https:\/\/doradni.pl\/\"]}]},{\"@type\":\"BreadcrumbList\",\"@id\":\"https:\/\/doradni.pl\/#breadcrumb\",\"itemListElement\":[{\"@type\":\"ListItem\",\"position\":1,\"name\":\"Home\",\"item\":\"https:\/\/doradni.pl\/\"},{\"@type\":\"ListItem\",\"position\":2,\"name\":\"G\u0142\u00f3wna strona\"}]},{\"@type\":\"WebSite\",\"@id\":\"https:\/\/doradni.pl\/#website\",\"url\":\"https:\/\/doradni.pl\/\",\"name\":\"Doradni.pl\",\"description\":\"\",\"potentialAction\":[{\"@type\":\"SearchAction\",\"target\":{\"@type\":\"EntryPoint\",\"urlTemplate\":\"https:\/\/doradni.pl\/?s={search_term_string}\"},\"query-input\":{\"@type\":\"PropertyValueSpecification\",\"valueRequired\":true,\"valueName\":\"search_term_string\"}}],\"inLanguage\":\"pl-PL\"}]}<\/script>\n<!-- \/ Yoast SEO plugin. -->","yoast_head_json":{"title":"G\u0142\u00f3wna strona - Doradni.pl","robots":{"index":"index","follow":"follow","max-snippet":"max-snippet:-1","max-image-preview":"max-image-preview:large","max-video-preview":"max-video-preview:-1"},"canonical":"https:\/\/doradni.pl\/","og_locale":"pl_PL","og_type":"article","og_title":"G\u0142\u00f3wna strona - Doradni.pl","og_description":"Doradni sp. z o.o.ul. Z\u0142ota 75A lok. 700-819 WarszawaNIP: 5273193437KRS: 0001206657\u00a0e-mail: kontakt@doradni.pleDor\u0119czenia\/ ePolecony: AE:PL-96917-99709-EBFCG-29Doradni sp. z o.o. wpisana do Rejestru Przedsi\u0119biorc\u00f3w prowadzonego przez S\u0105d Rejonowy dla m. st. Warszawy, XIII Wydzia\u0142 Gospodarczy Krajowego Rejestru S\u0105dowego pod nr KRS:0001206657;NIP:5273193437\u00a0REGON: 5433025390\u00a0Kapita\u0142 zak\u0142adowy: 5000 PLN.mBank S.A. PL 85 1140 2004 0000 3202 8624 1176\u00a0Nest Bank SA PL\u00a006 1870&hellip; Dowiedz si\u0119 wi\u0119cej","og_url":"https:\/\/doradni.pl\/","og_site_name":"Doradni.pl","article_modified_time":"2026-04-10T07:47:04+00:00","twitter_card":"summary_large_image","schema":{"@context":"https:\/\/schema.org","@graph":[{"@type":"WebPage","@id":"https:\/\/doradni.pl\/","url":"https:\/\/doradni.pl\/","name":"G\u0142\u00f3wna strona - Doradni.pl","isPartOf":{"@id":"https:\/\/doradni.pl\/#website"},"datePublished":"2025-11-20T11:06:17+00:00","dateModified":"2026-04-10T07:47:04+00:00","breadcrumb":{"@id":"https:\/\/doradni.pl\/#breadcrumb"},"inLanguage":"pl-PL","potentialAction":[{"@type":"ReadAction","target":["https:\/\/doradni.pl\/"]}]},{"@type":"BreadcrumbList","@id":"https:\/\/doradni.pl\/#breadcrumb","itemListElement":[{"@type":"ListItem","position":1,"name":"Home","item":"https:\/\/doradni.pl\/"},{"@type":"ListItem","position":2,"name":"G\u0142\u00f3wna strona"}]},{"@type":"WebSite","@id":"https:\/\/doradni.pl\/#website","url":"https:\/\/doradni.pl\/","name":"Doradni.pl","description":"","potentialAction":[{"@type":"SearchAction","target":{"@type":"EntryPoint","urlTemplate":"https:\/\/doradni.pl\/?s={search_term_string}"},"query-input":{"@type":"PropertyValueSpecification","valueRequired":true,"valueName":"search_term_string"}}],"inLanguage":"pl-PL"}]}},"_links":{"self":[{"href":"https:\/\/doradni.pl\/index.php?rest_route=\/wp\/v2\/pages\/11","targetHints":{"allow":["GET"]}}],"collection":[{"href":"https:\/\/doradni.pl\/index.php?rest_route=\/wp\/v2\/pages"}],"about":[{"href":"https:\/\/doradni.pl\/index.php?rest_route=\/wp\/v2\/types\/page"}],"author":[{"embeddable":true,"href":"https:\/\/doradni.pl\/index.php?rest_route=\/wp\/v2\/users\/1"}],"replies":[{"embeddable":true,"href":"https:\/\/doradni.pl\/index.php?rest_route=%2Fwp%2Fv2%2Fcomments&post=11"}],"version-history":[{"count":36,"href":"https:\/\/doradni.pl\/index.php?rest_route=\/wp\/v2\/pages\/11\/revisions"}],"predecessor-version":[{"id":65,"href":"https:\/\/doradni.pl\/index.php?rest_route=\/wp\/v2\/pages\/11\/revisions\/65"}],"wp:attachment":[{"href":"https:\/\/doradni.pl\/index.php?rest_route=%2Fwp%2Fv2%2Fmedia&parent=11"}],"curies":[{"name":"wp","href":"https:\/\/api.w.org\/{rel}","templated":true}]}}